{"id":7184,"date":"2022-04-06T12:30:37","date_gmt":"2022-04-06T09:30:37","guid":{"rendered":"https:\/\/cleansteel.fi\/?page_id=7184"},"modified":"2025-11-27T15:14:58","modified_gmt":"2025-11-27T13:14:58","slug":"lisapalvelut","status":"publish","type":"page","link":"https:\/\/cleansteel.com\/fi\/lisapalvelut\/","title":{"rendered":"Lis\u00e4palvelut"},"content":{"rendered":"<p>[et_pb_section fb_built=&#8221;1&#8243; module_class=&#8221;headeri&#8221; _builder_version=&#8221;4.16&#8243; background_image=&#8221;https:\/\/cleansteel.com\/wp-content\/uploads\/2022\/03\/additional-services.png&#8221; z_index_tablet=&#8221;500&#8243; custom_css_main_element=&#8221;height: 100vh;&#8221; global_colors_info=&#8221;{}&#8221;][et_pb_row make_equal=&#8221;on&#8221; module_class=&#8221;etusivuheader&#8221; _builder_version=&#8221;4.16&#8243; background_size=&#8221;initial&#8221; background_position=&#8221;bottom_center&#8221; module_alignment=&#8221;center&#8221; custom_margin=&#8221;0px||0px|&#8221; custom_padding=&#8221;0px||0px|&#8221; z_index_tablet=&#8221;500&#8243; custom_css_main_element=&#8221;height: 100%&#8221; global_colors_info=&#8221;{}&#8221;][et_pb_column type=&#8221;4_4&#8243; _builder_version=&#8221;4.16&#8243; background_size=&#8221;initial&#8221; background_position=&#8221;bottom_center&#8221; custom_padding=&#8221;|||&#8221; custom_css_main_element=&#8221;margin: auto&#8221; global_colors_info=&#8221;{}&#8221; custom_padding__hover=&#8221;|||&#8221;][et_pb_text admin_label=&#8221;Otsikko&#8221; module_class=&#8221;etusivuotsikko&#8221; _builder_version=&#8221;4.16&#8243; text_text_color=&#8221;#ffffff&#8221; header_font=&#8221;Ibis Display Bold||||||||&#8221; header_text_color=&#8221;#ffffff&#8221; header_font_size=&#8221;64px&#8221; background_layout=&#8221;dark&#8221; width_last_edited=&#8221;off|tablet&#8221; module_alignment=&#8221;center&#8221; z_index_tablet=&#8221;500&#8243; custom_css_main_element=&#8221;max-width:95%!important;||padding-bottom:2rem;||margin:0 auto!important;&#8221; global_colors_info=&#8221;{}&#8221;]<\/p>\n<h1 style=\"padding-bottom: 0px; text-align: center;\">Lis\u00e4palvelut vuosihuoltoihin<\/h1>\n<p>[\/et_pb_text][\/et_pb_column][\/et_pb_row][\/et_pb_section][et_pb_section fb_built=&#8221;1&#8243; _builder_version=&#8221;4.16&#8243; global_colors_info=&#8221;{}&#8221;][et_pb_row _builder_version=&#8221;4.16&#8243; z_index_tablet=&#8221;500&#8243; custom_css_main_element=&#8221;margin-bottom:4rem;&#8221; global_colors_info=&#8221;{}&#8221;][et_pb_column type=&#8221;4_4&#8243; _builder_version=&#8221;4.16&#8243; custom_padding=&#8221;|||&#8221; global_colors_info=&#8221;{}&#8221; custom_padding__hover=&#8221;|||&#8221;][et_pb_text _builder_version=&#8221;4.16&#8243; z_index_tablet=&#8221;500&#8243; custom_css_main_element=&#8221;font-family: Verdana, sans-serif;&#8221; global_colors_info=&#8221;{}&#8221;]<\/p>\n<h2 style=\"text-align: center;\"><strong>Lis\u00e4palvelut<\/strong><\/h2>\n<p>&nbsp;<\/p>\n<p style=\"text-align: center;\">Emme ainoastaan irrota likaa l\u00e4mm\u00f6nsiirtopinnoilta, vaan huolehdimme siit\u00e4 loppuun asti.<\/p>\n<p>[\/et_pb_text][\/et_pb_column][\/et_pb_row][et_pb_row _builder_version=&#8221;4.16&#8243; global_colors_info=&#8221;{}&#8221; column_structure=&#8221;2_3,1_3&#8243;][et_pb_column type=&#8221;2_3&#8243; _builder_version=&#8221;4.16&#8243; custom_padding=&#8221;|||&#8221; global_colors_info=&#8221;{}&#8221; custom_padding__hover=&#8221;|||&#8221;][et_pb_text module_class=&#8221;additional_services_2022&#8243; _builder_version=&#8221;4.16&#8243; z_index_tablet=&#8221;500&#8243; global_colors_info=&#8221;{}&#8221;]<\/p>\n<h2>Imuroinnit, pesut &amp; j\u00e4tteenh\u00e4vitys<\/h2>\n<p><img loading=\"lazy\" decoding=\"async\" class=\"alignnone size-full wp-image-6476\" src=\"https:\/\/cleansteel.com\/wp-content\/uploads\/2022\/02\/viiva.png\" alt=\"\" width=\"80\" height=\"3\" \/><\/p>\n<p><strong>Suoritamme tehokkaalla kalustollamme kaikki laitoksesi imuroinnit ja pesut sek\u00e4 huolehdimme syntyv\u00e4n puhdistusj\u00e4tteen asianmukaisesta k\u00e4sittelyst\u00e4<\/strong><\/p>\n<p>Samalla hoituvat my\u00f6s kaikki muut laitoksenne suurtehoimuroinnit. Tyypillisesti voimalaitoksen vuosihuoltot\u00f6iden yhteydess\u00e4 imuroidaan:<\/p>\n<p>&nbsp;<\/p>\n<ul>\n<li>\n<p>hiekat\/ep\u00e4puhtaudet (esim. metallij\u00e4\u00e4m\u00e4t) tulipes\u00e4n pohjalta<\/p>\n<\/li>\n<li>\n<p>polttoaineen vastaanottoasema<\/p>\n<\/li>\n<li>\n<p>polttoainekuljettimet<\/p>\n<\/li>\n<li>\n<p>polttoainesiilot \/ tuhkasiilot ja tuhkalavat<\/p>\n<\/li>\n<\/ul>\n<p>[\/et_pb_text][\/et_pb_column][et_pb_column type=&#8221;1_3&#8243; _builder_version=&#8221;4.16&#8243; custom_padding=&#8221;|||&#8221; global_colors_info=&#8221;{}&#8221; custom_padding__hover=&#8221;|||&#8221;][et_pb_image src=&#8221;https:\/\/cleansteel.com\/wp-content\/uploads\/2022\/03\/auto.png&#8221; align_tablet=&#8221;center&#8221; align_last_edited=&#8221;on|desktop&#8221; _builder_version=&#8221;4.16&#8243; min_height=&#8221;700px&#8221; z_index_tablet=&#8221;500&#8243; global_colors_info=&#8221;{}&#8221; align_phone=&#8221;center&#8221;][\/et_pb_image][\/et_pb_column][\/et_pb_row][\/et_pb_section][et_pb_section fb_built=&#8221;1&#8243; module_class=&#8221;lomake_2022 max_width_1800&#8243; _builder_version=&#8221;3.22.7&#8243; inner_width_tablet=&#8221;50px&#8221; inner_max_width_tablet=&#8221;50px&#8221; z_index_tablet=&#8221;500&#8243; global_module=&#8221;7270&#8243; global_colors_info=&#8221;{}&#8221;][et_pb_row column_structure=&#8221;1_3,2_3&#8243; _builder_version=&#8221;4.16&#8243; background_size=&#8221;initial&#8221; background_position=&#8221;top_left&#8221; background_repeat=&#8221;repeat&#8221; global_colors_info=&#8221;{}&#8221;][et_pb_column type=&#8221;1_3&#8243; _builder_version=&#8221;4.16&#8243; custom_padding=&#8221;|||&#8221; global_colors_info=&#8221;{}&#8221; custom_padding__hover=&#8221;|||&#8221;][et_pb_text _builder_version=&#8221;4.16&#8243; z_index_tablet=&#8221;500&#8243; custom_css_main_element=&#8221;padding-right:3rem;||padding-bottom:2rem;&#8221; global_colors_info=&#8221;{}&#8221;]<\/p>\n<h3>Valitse meid\u00e4t.<\/h3>\n<p>Autamme asiakkaitamme n\u00e4kem\u00e4\u00e4n puhtaiden l\u00e4mm\u00f6nsiirtopintojen todennetut hy\u00f6dyt merkitt\u00e4v\u00e4n\u00e4 osana kannattavaa liiketoimintaa.<\/p>\n<p>[\/et_pb_text][\/et_pb_column][et_pb_column type=&#8221;2_3&#8243; _builder_version=&#8221;4.16&#8243; custom_padding=&#8221;|||&#8221; global_colors_info=&#8221;{}&#8221; custom_padding__hover=&#8221;|||&#8221;][et_pb_contact_form use_spam_service=&#8221;on&#8221; recaptcha_list=&#8221;Default|Default-0&#8243; email=&#8221;vesa.railamaa@cleansteel.fi&#8221; custom_message=&#8221;Nimi: %%Nimi%%||et_pb_line_break_holder||||et_pb_line_break_holder||S\u00e4hk\u00f6posti: %%S\u00e4hk\u00f6postiosoite%%||et_pb_line_break_holder||||et_pb_line_break_holder||Viesti:||et_pb_line_break_holder||||et_pb_line_break_holder||%%Viesti%%&#8221; success_message=&#8221;Kiitos yhteydenotosta.&#8221; submit_button_text=&#8221;L\u00e4het\u00e4 viesti&#8221; _builder_version=&#8221;4.17.1&#8243; _unique_id=&#8221;623d51cd-fd29-4a12-b90d-2e1e78877fc6&#8243; z_index_tablet=&#8221;500&#8243; global_colors_info=&#8221;{}&#8221;][et_pb_contact_field field_id=&#8221;Nimi&#8221; field_title=&#8221;Nimi&#8221; _builder_version=&#8221;4.16&#8243; global_colors_info=&#8221;{}&#8221;][\/et_pb_contact_field][et_pb_contact_field field_id=&#8221;S\u00e4hk\u00f6postiosoite&#8221; field_title=&#8221;S\u00e4hk\u00f6postiosoite&#8221; field_type=&#8221;email&#8221; _builder_version=&#8221;4.16&#8243; global_colors_info=&#8221;{}&#8221;][\/et_pb_contact_field][et_pb_contact_field field_id=&#8221;Viesti&#8221; field_title=&#8221;Viesti&#8221; field_type=&#8221;text&#8221; fullwidth_field=&#8221;on&#8221; _builder_version=&#8221;4.16&#8243; global_colors_info=&#8221;{}&#8221;][\/et_pb_contact_field][\/et_pb_contact_form][\/et_pb_column][\/et_pb_row][\/et_pb_section][et_pb_section fb_built=&#8221;1&#8243; module_class=&#8221;footer_2022 max_width_1800&#8243; _builder_version=&#8221;3.22.7&#8243; background_image=&#8221;https:\/\/cleansteel.com\/wp-content\/uploads\/2022\/02\/footer-bg.png&#8221; inner_width_tablet=&#8221;50px&#8221; inner_max_width_tablet=&#8221;50px&#8221; z_index_tablet=&#8221;500&#8243; global_module=&#8221;6572&#8243; global_colors_info=&#8221;{}&#8221;][et_pb_row _builder_version=&#8221;4.16&#8243; background_size=&#8221;initial&#8221; background_position=&#8221;top_left&#8221; background_repeat=&#8221;repeat&#8221; max_width=&#8221;1080px&#8221; global_colors_info=&#8221;{}&#8221;][et_pb_column type=&#8221;4_4&#8243; _builder_version=&#8221;4.16&#8243; custom_padding=&#8221;|||&#8221; global_colors_info=&#8221;{}&#8221; custom_padding__hover=&#8221;|||&#8221;][et_pb_text module_class=&#8221;footer_otsikko&#8221; _builder_version=&#8221;4.16&#8243; z_index_tablet=&#8221;500&#8243; global_colors_info=&#8221;{}&#8221;]<\/p>\n<h3>Boiler lovers unite!<\/h3>\n<p>\u00a0<\/p>\n<p>\u00a0<\/p>\n<p>[\/et_pb_text][\/et_pb_column][\/et_pb_row][et_pb_row column_structure=&#8221;1_5,1_5,1_5,1_5,1_5&#8243; _builder_version=&#8221;4.16&#8243; background_size=&#8221;initial&#8221; background_position=&#8221;top_left&#8221; background_repeat=&#8221;repeat&#8221; max_width=&#8221;1080px&#8221; global_colors_info=&#8221;{}&#8221;][et_pb_column type=&#8221;1_5&#8243; _builder_version=&#8221;4.16&#8243; custom_padding=&#8221;|||&#8221; global_colors_info=&#8221;{}&#8221; custom_padding__hover=&#8221;|||&#8221;][et_pb_text _builder_version=&#8221;4.27.4&#8243; z_index_tablet=&#8221;500&#8243; custom_css_main_element=&#8221;padding-right:1rem;||padding-left:0rem!important;&#8221; global_colors_info=&#8221;{}&#8221;]<\/p>\n<p><strong>Clean Steel Oy<\/strong><\/p>\n<p><span>Etel\u00e4v\u00e4yl\u00e4 36<\/span><br \/><span>28540 Pori<\/span> FINLAND<\/p>\n<p>+358 10 \u00a0526 2053<\/p>\n<p>&nbsp;<\/p>\n<p>[\/et_pb_text][\/et_pb_column][et_pb_column type=&#8221;1_5&#8243; _builder_version=&#8221;4.16&#8243; custom_padding=&#8221;|||&#8221; global_colors_info=&#8221;{}&#8221; custom_padding__hover=&#8221;|||&#8221;][et_pb_text module_class=&#8221;footer_nav&#8221; _builder_version=&#8221;4.17.1&#8243; z_index_tablet=&#8221;500&#8243; global_colors_info=&#8221;{}&#8221;]<\/p>\n<div class=\"footer_inner\"><a href=\"#\">Etusivu<\/a><br \/><a href=\"https:\/\/cleansteel.com\/meista\/\">Meist\u00e4<\/a><br \/><a href=\"https:\/\/cleansteel.com\/stop-n-go-2\/\">Stop n`Go<\/a><br \/><a href=\"https:\/\/cleansteel.com\/smart-blasting-2\/\">Smart Blasting<\/a><br \/><a href=\"https:\/\/cleansteel.com\/lisapalvelut\/\">Lis\u00e4palvelut<\/a><br \/><a href=\"https:\/\/cleansteel.com\/referenssit-2\/\">Referenssit<\/a><br \/><a href=\"https:\/\/cleansteel.com\/vastuullisuus\/\">Vastuullisuus<\/a><br \/><a href=\"https:\/\/cleansteel.com\/ota-yhteytta\/\">Ota yhteytt\u00e4<\/a><\/div>\n<p>&nbsp;<\/p>\n<p>&nbsp;<\/p>\n<p>&nbsp;<\/p>\n<p>&nbsp;<\/p>\n<p>[\/et_pb_text][\/et_pb_column][et_pb_column type=&#8221;1_5&#8243; _builder_version=&#8221;4.16&#8243; custom_padding=&#8221;|||&#8221; global_colors_info=&#8221;{}&#8221; custom_padding__hover=&#8221;|||&#8221;][\/et_pb_column][et_pb_column type=&#8221;1_5&#8243; _builder_version=&#8221;4.16&#8243; custom_padding=&#8221;|||&#8221; global_colors_info=&#8221;{}&#8221; custom_padding__hover=&#8221;|||&#8221;][\/et_pb_column][et_pb_column type=&#8221;1_5&#8243; _builder_version=&#8221;4.16&#8243; custom_padding=&#8221;|||&#8221; global_colors_info=&#8221;{}&#8221; custom_padding__hover=&#8221;|||&#8221;][et_pb_image src=&#8221;https:\/\/cleansteel.com\/wp-content\/uploads\/2022\/02\/footer-logo.png&#8221; align=&#8221;right&#8221; align_tablet=&#8221;center&#8221; align_phone=&#8221;&#8221; align_last_edited=&#8221;on|desktop&#8221; module_class=&#8221;footer_logo&#8221; _builder_version=&#8221;4.16&#8243; z_index_tablet=&#8221;500&#8243; custom_css_main_element=&#8221;padding-top:3rem;&#8221; global_colors_info=&#8221;{}&#8221;][\/et_pb_image][et_pb_text _builder_version=&#8221;4.16&#8243; z_index_tablet=&#8221;500&#8243; global_colors_info=&#8221;{}&#8221;]<\/p>\n<p style=\"text-align: right;\">\u00a9 Copyright 2021 Clean Steel Oy<br \/>Website by Staart<\/p>\n<p>[\/et_pb_text][\/et_pb_column][\/et_pb_row][\/et_pb_section]<\/p>\n","protected":false},"excerpt":{"rendered":"<p>Lis\u00e4palvelut vuosihuoltoihin Lis\u00e4palvelut &nbsp; Emme ainoastaan irrota likaa l\u00e4mm\u00f6nsiirtopinnoilta, vaan huolehdimme siit\u00e4 loppuun asti.Imuroinnit, pesut &amp; j\u00e4tteenh\u00e4vitys Suoritamme tehokkaalla kalustollamme kaikki laitoksesi imuroinnit ja pesut sek\u00e4 huolehdimme syntyv\u00e4n puhdistusj\u00e4tteen asianmukaisesta k\u00e4sittelyst\u00e4 Samalla hoituvat my\u00f6s kaikki muut laitoksenne suurtehoimuroinnit. Tyypillisesti voimalaitoksen vuosihuoltot\u00f6iden yhteydess\u00e4 imuroidaan: &nbsp; hiekat\/ep\u00e4puhtaudet (esim. metallij\u00e4\u00e4m\u00e4t) tulipes\u00e4n pohjalta polttoaineen vastaanottoasema polttoainekuljettimet polttoainesiilot \/ tuhkasiilot [&hellip;]<\/p>\n","protected":false},"author":3,"featured_media":0,"parent":0,"menu_order":0,"comment_status":"closed","ping_status":"closed","template":"","meta":{"_acf_changed":false,"_et_pb_use_builder":"on","_et_pb_old_content":"","_et_gb_content_width":"","_improvement_type_select":"improve_an_existing","_thumb_yes_seoaic":false,"_frame_yes_seoaic":false,"seoaic_generate_description":"","seoaic_improve_instructions_prompt":"","seoaic_rollback_content_improvement":"","seoaic_idea_thumbnail_generator":"","thumbnail_generated":false,"thumbnail_generate_prompt":"","seoaic_article_description":"","_exactmetrics_skip_tracking":false,"_exactmetrics_sitenote_active":false,"_exactmetrics_sitenote_note":"","_exactmetrics_sitenote_category":0,"footnotes":""},"class_list":["post-7184","page","type-page","status-publish","hentry"],"acf":[],"yoast_head":"<!-- This site is optimized with the Yoast SEO plugin v27.4 - https:\/\/yoast.com\/product\/yoast-seo-wordpress\/ -->\n<title>Lis\u00e4palvelut - Clean Steel<\/title>\n<meta name=\"robots\" content=\"index, follow, max-snippet:-1, max-image-preview:large, max-video-preview:-1\" \/>\n<link rel=\"canonical\" href=\"https:\/\/cleansteel.com\/fi\/lisapalvelut\/\" \/>\n<meta property=\"og:locale\" content=\"fi_FI\" \/>\n<meta property=\"og:type\" content=\"article\" \/>\n<meta property=\"og:title\" content=\"Lis\u00e4palvelut - Clean Steel\" \/>\n<meta property=\"og:description\" content=\"Lis\u00e4palvelut vuosihuoltoihin Lis\u00e4palvelut &nbsp; Emme ainoastaan irrota likaa l\u00e4mm\u00f6nsiirtopinnoilta, vaan huolehdimme siit\u00e4 loppuun asti.Imuroinnit, pesut &amp; j\u00e4tteenh\u00e4vitys Suoritamme tehokkaalla kalustollamme kaikki laitoksesi imuroinnit ja pesut sek\u00e4 huolehdimme syntyv\u00e4n puhdistusj\u00e4tteen asianmukaisesta k\u00e4sittelyst\u00e4 Samalla hoituvat my\u00f6s kaikki muut laitoksenne suurtehoimuroinnit. Tyypillisesti voimalaitoksen vuosihuoltot\u00f6iden yhteydess\u00e4 imuroidaan: &nbsp; hiekat\/ep\u00e4puhtaudet (esim. metallij\u00e4\u00e4m\u00e4t) tulipes\u00e4n pohjalta polttoaineen vastaanottoasema polttoainekuljettimet polttoainesiilot \/ tuhkasiilot [&hellip;]\" \/>\n<meta property=\"og:url\" content=\"https:\/\/cleansteel.com\/fi\/lisapalvelut\/\" \/>\n<meta property=\"og:site_name\" content=\"Clean Steel\" \/>\n<meta property=\"article:modified_time\" content=\"2025-11-27T13:14:58+00:00\" \/>\n<meta property=\"og:image\" content=\"https:\/\/cleansteel.com\/wp-content\/uploads\/2022\/02\/viiva.png\" \/>\n<meta name=\"twitter:card\" content=\"summary_large_image\" \/>\n<meta name=\"twitter:label1\" content=\"Arvioitu lukuaika\" \/>\n\t<meta name=\"twitter:data1\" content=\"5 minuuttia\" \/>\n<script type=\"application\/ld+json\" class=\"yoast-schema-graph\">{\"@context\":\"https:\\\/\\\/schema.org\",\"@graph\":[{\"@type\":\"WebPage\",\"@id\":\"https:\\\/\\\/cleansteel.com\\\/fi\\\/lisapalvelut\\\/\",\"url\":\"https:\\\/\\\/cleansteel.com\\\/fi\\\/lisapalvelut\\\/\",\"name\":\"Lis\u00e4palvelut - Clean Steel\",\"isPartOf\":{\"@id\":\"https:\\\/\\\/cleansteel.com\\\/fi\\\/#website\"},\"primaryImageOfPage\":{\"@id\":\"https:\\\/\\\/cleansteel.com\\\/fi\\\/lisapalvelut\\\/#primaryimage\"},\"image\":{\"@id\":\"https:\\\/\\\/cleansteel.com\\\/fi\\\/lisapalvelut\\\/#primaryimage\"},\"thumbnailUrl\":\"https:\\\/\\\/cleansteel.com\\\/wp-content\\\/uploads\\\/2022\\\/02\\\/viiva.png\",\"datePublished\":\"2022-04-06T09:30:37+00:00\",\"dateModified\":\"2025-11-27T13:14:58+00:00\",\"breadcrumb\":{\"@id\":\"https:\\\/\\\/cleansteel.com\\\/fi\\\/lisapalvelut\\\/#breadcrumb\"},\"inLanguage\":\"fi\",\"potentialAction\":[{\"@type\":\"ReadAction\",\"target\":[\"https:\\\/\\\/cleansteel.com\\\/fi\\\/lisapalvelut\\\/\"]}]},{\"@type\":\"ImageObject\",\"inLanguage\":\"fi\",\"@id\":\"https:\\\/\\\/cleansteel.com\\\/fi\\\/lisapalvelut\\\/#primaryimage\",\"url\":\"https:\\\/\\\/cleansteel.com\\\/wp-content\\\/uploads\\\/2022\\\/02\\\/viiva.png\",\"contentUrl\":\"https:\\\/\\\/cleansteel.com\\\/wp-content\\\/uploads\\\/2022\\\/02\\\/viiva.png\"},{\"@type\":\"BreadcrumbList\",\"@id\":\"https:\\\/\\\/cleansteel.com\\\/fi\\\/lisapalvelut\\\/#breadcrumb\",\"itemListElement\":[{\"@type\":\"ListItem\",\"position\":1,\"name\":\"Home\",\"item\":\"https:\\\/\\\/cleansteel.com\\\/fi\\\/\"},{\"@type\":\"ListItem\",\"position\":2,\"name\":\"Lis\u00e4palvelut\"}]},{\"@type\":\"WebSite\",\"@id\":\"https:\\\/\\\/cleansteel.com\\\/fi\\\/#website\",\"url\":\"https:\\\/\\\/cleansteel.com\\\/fi\\\/\",\"name\":\"Clean Steel\",\"description\":\"\",\"potentialAction\":[{\"@type\":\"SearchAction\",\"target\":{\"@type\":\"EntryPoint\",\"urlTemplate\":\"https:\\\/\\\/cleansteel.com\\\/fi\\\/?s={search_term_string}\"},\"query-input\":{\"@type\":\"PropertyValueSpecification\",\"valueRequired\":true,\"valueName\":\"search_term_string\"}}],\"inLanguage\":\"fi\"}]}<\/script>\n<!-- \/ Yoast SEO plugin. -->","yoast_head_json":{"title":"Lis\u00e4palvelut - Clean Steel","robots":{"index":"index","follow":"follow","max-snippet":"max-snippet:-1","max-image-preview":"max-image-preview:large","max-video-preview":"max-video-preview:-1"},"canonical":"https:\/\/cleansteel.com\/fi\/lisapalvelut\/","og_locale":"fi_FI","og_type":"article","og_title":"Lis\u00e4palvelut - Clean Steel","og_description":"Lis\u00e4palvelut vuosihuoltoihin Lis\u00e4palvelut &nbsp; Emme ainoastaan irrota likaa l\u00e4mm\u00f6nsiirtopinnoilta, vaan huolehdimme siit\u00e4 loppuun asti.Imuroinnit, pesut &amp; j\u00e4tteenh\u00e4vitys Suoritamme tehokkaalla kalustollamme kaikki laitoksesi imuroinnit ja pesut sek\u00e4 huolehdimme syntyv\u00e4n puhdistusj\u00e4tteen asianmukaisesta k\u00e4sittelyst\u00e4 Samalla hoituvat my\u00f6s kaikki muut laitoksenne suurtehoimuroinnit. Tyypillisesti voimalaitoksen vuosihuoltot\u00f6iden yhteydess\u00e4 imuroidaan: &nbsp; hiekat\/ep\u00e4puhtaudet (esim. metallij\u00e4\u00e4m\u00e4t) tulipes\u00e4n pohjalta polttoaineen vastaanottoasema polttoainekuljettimet polttoainesiilot \/ tuhkasiilot [&hellip;]","og_url":"https:\/\/cleansteel.com\/fi\/lisapalvelut\/","og_site_name":"Clean Steel","article_modified_time":"2025-11-27T13:14:58+00:00","og_image":[{"url":"https:\/\/cleansteel.com\/wp-content\/uploads\/2022\/02\/viiva.png","type":"","width":"","height":""}],"twitter_card":"summary_large_image","twitter_misc":{"Arvioitu lukuaika":"5 minuuttia"},"schema":{"@context":"https:\/\/schema.org","@graph":[{"@type":"WebPage","@id":"https:\/\/cleansteel.com\/fi\/lisapalvelut\/","url":"https:\/\/cleansteel.com\/fi\/lisapalvelut\/","name":"Lis\u00e4palvelut - Clean Steel","isPartOf":{"@id":"https:\/\/cleansteel.com\/fi\/#website"},"primaryImageOfPage":{"@id":"https:\/\/cleansteel.com\/fi\/lisapalvelut\/#primaryimage"},"image":{"@id":"https:\/\/cleansteel.com\/fi\/lisapalvelut\/#primaryimage"},"thumbnailUrl":"https:\/\/cleansteel.com\/wp-content\/uploads\/2022\/02\/viiva.png","datePublished":"2022-04-06T09:30:37+00:00","dateModified":"2025-11-27T13:14:58+00:00","breadcrumb":{"@id":"https:\/\/cleansteel.com\/fi\/lisapalvelut\/#breadcrumb"},"inLanguage":"fi","potentialAction":[{"@type":"ReadAction","target":["https:\/\/cleansteel.com\/fi\/lisapalvelut\/"]}]},{"@type":"ImageObject","inLanguage":"fi","@id":"https:\/\/cleansteel.com\/fi\/lisapalvelut\/#primaryimage","url":"https:\/\/cleansteel.com\/wp-content\/uploads\/2022\/02\/viiva.png","contentUrl":"https:\/\/cleansteel.com\/wp-content\/uploads\/2022\/02\/viiva.png"},{"@type":"BreadcrumbList","@id":"https:\/\/cleansteel.com\/fi\/lisapalvelut\/#breadcrumb","itemListElement":[{"@type":"ListItem","position":1,"name":"Home","item":"https:\/\/cleansteel.com\/fi\/"},{"@type":"ListItem","position":2,"name":"Lis\u00e4palvelut"}]},{"@type":"WebSite","@id":"https:\/\/cleansteel.com\/fi\/#website","url":"https:\/\/cleansteel.com\/fi\/","name":"Clean Steel","description":"","potentialAction":[{"@type":"SearchAction","target":{"@type":"EntryPoint","urlTemplate":"https:\/\/cleansteel.com\/fi\/?s={search_term_string}"},"query-input":{"@type":"PropertyValueSpecification","valueRequired":true,"valueName":"search_term_string"}}],"inLanguage":"fi"}]}},"_links":{"self":[{"href":"https:\/\/cleansteel.com\/fi\/wp-json\/wp\/v2\/pages\/7184","targetHints":{"allow":["GET"]}}],"collection":[{"href":"https:\/\/cleansteel.com\/fi\/wp-json\/wp\/v2\/pages"}],"about":[{"href":"https:\/\/cleansteel.com\/fi\/wp-json\/wp\/v2\/types\/page"}],"author":[{"embeddable":true,"href":"https:\/\/cleansteel.com\/fi\/wp-json\/wp\/v2\/users\/3"}],"replies":[{"embeddable":true,"href":"https:\/\/cleansteel.com\/fi\/wp-json\/wp\/v2\/comments?post=7184"}],"version-history":[{"count":10,"href":"https:\/\/cleansteel.com\/fi\/wp-json\/wp\/v2\/pages\/7184\/revisions"}],"predecessor-version":[{"id":8583,"href":"https:\/\/cleansteel.com\/fi\/wp-json\/wp\/v2\/pages\/7184\/revisions\/8583"}],"wp:attachment":[{"href":"https:\/\/cleansteel.com\/fi\/wp-json\/wp\/v2\/media?parent=7184"}],"curies":[{"name":"wp","href":"https:\/\/api.w.org\/{rel}","templated":true}]}}