{"id":7178,"date":"2022-04-06T12:27:55","date_gmt":"2022-04-06T09:27:55","guid":{"rendered":"https:\/\/cleansteel.fi\/?page_id=7178"},"modified":"2022-09-29T13:14:49","modified_gmt":"2022-09-29T10:14:49","slug":"stop-n-go","status":"publish","type":"page","link":"https:\/\/cleansteel.com\/fi\/stop-n-go\/","title":{"rendered":"Stop n Go"},"content":{"rendered":"<p>[et_pb_section fb_built=&#8221;1&#8243; module_class=&#8221;headeri&#8221; _builder_version=&#8221;4.16&#8243; background_image=&#8221;https:\/\/cleansteel.com\/wp-content\/uploads\/2022\/03\/stopngo.png&#8221; z_index_tablet=&#8221;500&#8243; custom_css_main_element=&#8221;height: 100vh;&#8221; global_colors_info=&#8221;{}&#8221;][et_pb_row make_equal=&#8221;on&#8221; module_class=&#8221;etusivuheader&#8221; _builder_version=&#8221;4.16&#8243; background_size=&#8221;initial&#8221; background_position=&#8221;bottom_center&#8221; module_alignment=&#8221;center&#8221; custom_margin=&#8221;0px||0px|&#8221; custom_padding=&#8221;0px||0px|&#8221; z_index_tablet=&#8221;500&#8243; custom_css_main_element=&#8221;height: 100%&#8221; global_colors_info=&#8221;{}&#8221;][et_pb_column type=&#8221;4_4&#8243; _builder_version=&#8221;4.16&#8243; background_size=&#8221;initial&#8221; background_position=&#8221;bottom_center&#8221; custom_padding=&#8221;|||&#8221; custom_css_main_element=&#8221;margin: auto&#8221; global_colors_info=&#8221;{}&#8221; custom_padding__hover=&#8221;|||&#8221;][et_pb_text admin_label=&#8221;Otsikko&#8221; module_class=&#8221;etusivuotsikko&#8221; _builder_version=&#8221;4.16&#8243; text_text_color=&#8221;#ffffff&#8221; header_font=&#8221;Ibis Display Bold||||||||&#8221; header_text_color=&#8221;#ffffff&#8221; header_font_size=&#8221;64px&#8221; background_layout=&#8221;dark&#8221; width_last_edited=&#8221;off|tablet&#8221; module_alignment=&#8221;center&#8221; z_index_tablet=&#8221;500&#8243; custom_css_main_element=&#8221;max-width:95%!important;||padding-bottom:2rem;||margin:0 auto!important;&#8221; global_colors_info=&#8221;{}&#8221;]<\/p>\n<h1 style=\"padding-bottom: 0px; text-align: center;\">Teht\u00e4v\u00e4mme on hoitaa kattilan l\u00e4mm\u00f6nsiirtopintojen puhdistukset ja siihen liittyv\u00e4t vuosihuollon ty\u00f6t tehokkaasti aikaa, vaivaa ja rahaa s\u00e4\u00e4st\u00e4en<\/h1>\n<p>[\/et_pb_text][\/et_pb_column][\/et_pb_row][\/et_pb_section][et_pb_section fb_built=&#8221;1&#8243; module_class=&#8221;sng_2022&#8243; _builder_version=&#8221;4.16&#8243; z_index_tablet=&#8221;500&#8243; global_colors_info=&#8221;{}&#8221;][et_pb_row _builder_version=&#8221;4.16&#8243; background_size=&#8221;initial&#8221; background_position=&#8221;top_left&#8221; background_repeat=&#8221;repeat&#8221; global_colors_info=&#8221;{}&#8221;][et_pb_column type=&#8221;4_4&#8243; _builder_version=&#8221;4.16&#8243; custom_padding=&#8221;|||&#8221; global_colors_info=&#8221;{}&#8221; custom_padding__hover=&#8221;|||&#8221;][et_pb_image src=&#8221;https:\/\/cleansteel.com\/wp-content\/uploads\/2022\/03\/sng.png&#8221; align=&#8221;center&#8221; align_tablet=&#8221;center&#8221; align_last_edited=&#8221;on|desktop&#8221; _builder_version=&#8221;4.16&#8243; z_index_tablet=&#8221;500&#8243; global_colors_info=&#8221;{}&#8221; align_phone=&#8221;center&#8221;]<br \/>\n[\/et_pb_image][et_pb_text _builder_version=&#8221;4.16&#8243; z_index_tablet=&#8221;500&#8243; global_colors_info=&#8221;{}&#8221;]<\/p>\n<h2 style=\"text-align: center;\">Tehokas kokonaispalvelu laitosten vuosihuoltoihin<\/h2>\n<p>[\/et_pb_text][\/et_pb_column][\/et_pb_row][et_pb_row _builder_version=&#8221;4.16&#8243; z_index_tablet=&#8221;500&#8243; custom_css_main_element=&#8221;margin-top:2rem;&#8221; global_colors_info=&#8221;{}&#8221;][et_pb_column type=&#8221;4_4&#8243; _builder_version=&#8221;4.16&#8243; custom_padding=&#8221;|||&#8221; global_colors_info=&#8221;{}&#8221; custom_padding__hover=&#8221;|||&#8221;][et_pb_image src=&#8221;https:\/\/cleansteel.com\/wp-content\/uploads\/2022\/09\/sb-fi.png&#8221; align=&#8221;center&#8221; align_tablet=&#8221;center&#8221; align_last_edited=&#8221;on|desktop&#8221; _builder_version=&#8221;4.17.1&#8243; hover_enabled=&#8221;0&#8243; z_index_tablet=&#8221;500&#8243; global_colors_info=&#8221;{}&#8221; title_text=&#8221;sb-fi&#8221; sticky_enabled=&#8221;0&#8243; align_phone=&#8221;center&#8221;]<br \/>\n[\/et_pb_image][\/et_pb_column][\/et_pb_row][et_pb_row _builder_version=&#8221;4.16&#8243; background_size=&#8221;initial&#8221; background_position=&#8221;top_left&#8221; background_repeat=&#8221;repeat&#8221; global_colors_info=&#8221;{}&#8221; column_structure=&#8221;1_3,1_3,1_3&#8243;][et_pb_column type=&#8221;1_3&#8243; _builder_version=&#8221;4.16&#8243; custom_padding=&#8221;|||&#8221; global_colors_info=&#8221;{}&#8221; custom_padding__hover=&#8221;|||&#8221;][et_pb_text module_class=&#8221;phases_2022&#8243; _builder_version=&#8221;4.16&#8243; z_index_tablet=&#8221;500&#8243; custom_css_main_element=&#8221;background-color: rgba(0,0,0,0.3);&#8221; global_colors_info=&#8221;{}&#8221;]<\/p>\n<p><strong>Vaihe 1<\/strong><\/p>\n<h3>Suunnittelu ja valmistelu<\/h3>\n<p><img loading=\"lazy\" decoding=\"async\" class=\"alignnone size-full wp-image-6476\" src=\"https:\/\/cleansteel.com\/wp-content\/uploads\/2022\/02\/viiva.png\" alt=\"\" width=\"80\" height=\"3\" \/><\/p>\n<p>&nbsp;<\/p>\n<ul>\n<li>Laadimme projekteistamme aina yksityiskohtaisen ja aikataulutetun kokonaissuunnitelman<\/li>\n<li>Suunnitelma sis\u00e4lt\u00e4\u00e4 asiakkaan tarvitsemat palvelut ja niiden toteutustavan ja\u2013 j\u00e4rjestyksen, sek\u00e4 ty\u00f6ss\u00e4 tarvittavat resurssit<\/li>\n<li>Stop n\u2019 Go-suunnitelma sovitetaan aina asiakkaan vuosihuollon kokonaissuunitelmaan<\/li>\n<li>Jokaisellla projektilla on dedikoitu CS-projektip\u00e4\u00e4llikk\u00f6, joka toimii linkkin\u00e4 asiakkaaseen ja varmistaa t\u00f6iden valmistumisen ajallaan<\/li>\n<li>Tilaajan kommunikaatio helpottuu yhden yhteyshenkil\u00f6n mallilla<\/li>\n<li>Mik\u00e4li joku ty\u00f6vaiheista viiv\u00e4styy, on CS:n vastuulla on kuroa viive umpeen ja varmistaa n\u00e4in, ett\u00e4 t\u00f6iden kokonaisaikataulu pit\u00e4\u00e4<\/li>\n<\/ul>\n<p>[\/et_pb_text][\/et_pb_column][et_pb_column type=&#8221;1_3&#8243; _builder_version=&#8221;4.16&#8243; custom_padding=&#8221;|||&#8221; global_colors_info=&#8221;{}&#8221; custom_padding__hover=&#8221;|||&#8221;][et_pb_text module_class=&#8221;phases_2022&#8243; _builder_version=&#8221;4.16&#8243; z_index_tablet=&#8221;500&#8243; custom_css_main_element=&#8221;background-color: rgba(0,0,0,0.2);&#8221; global_colors_info=&#8221;{}&#8221;]<\/p>\n<p><strong>Vaihe 2<\/strong><\/p>\n<h3>Stop \u2019 n Go palvelukokonaisuuteen voi kuulua seuraavia t\u00f6it\u00e4:<\/h3>\n<p><img loading=\"lazy\" decoding=\"async\" class=\"alignnone size-full wp-image-6476\" src=\"https:\/\/cleansteel.com\/wp-content\/uploads\/2022\/02\/viiva.png\" alt=\"\" width=\"80\" height=\"3\" \/><\/p>\n<p><strong>Stop \u2019 n Go palvelukokonaisuuteen voi kuulua seuraaviat\u00f6it\u00e4:<\/strong><\/p>\n<p>&nbsp;<\/p>\n<ul>\n<li>SmartBlasting\u2122- l\u00e4mm\u00f6nsiirtopintojen puhdistus<\/li>\n<li>Suurtehoimuroinnit ja syntyv\u00e4n puhdistusj\u00e4tteen asianmukainen k\u00e4sittely<\/li>\n<li>Prosessipesut<\/li>\n<li>Kattilan NDT\u2013tarkastukset<\/li>\n<li>Vuosihuollon telinety\u00f6t<\/li>\n<\/ul>\n<p>[\/et_pb_text][\/et_pb_column][et_pb_column type=&#8221;1_3&#8243; _builder_version=&#8221;4.16&#8243; custom_padding=&#8221;|||&#8221; global_colors_info=&#8221;{}&#8221; custom_padding__hover=&#8221;|||&#8221;][et_pb_text module_class=&#8221;phases_2022&#8243; _builder_version=&#8221;4.16&#8243; z_index_tablet=&#8221;500&#8243; custom_css_main_element=&#8221;background-color: rgba(0,0,0,0.1);&#8221; global_colors_info=&#8221;{}&#8221;]<\/p>\n<p><strong>Vaihe 3<\/strong><\/p>\n<h3>Raportointi<\/h3>\n<p><img loading=\"lazy\" decoding=\"async\" class=\"alignnone size-full wp-image-6476\" src=\"https:\/\/cleansteel.com\/wp-content\/uploads\/2022\/02\/viiva.png\" alt=\"\" width=\"80\" height=\"3\" \/><\/p>\n<p>&nbsp;<\/p>\n<ul>\n<li>Laadimme jokaisesta suorittamastamme ty\u00f6st\u00e4 kirjallisen ja kuvitetun projektiraportin<\/li>\n<li>Raportti sis\u00e4lt\u00e4\u00e4 kuvauksen suorittamistamme t\u00f6ist\u00e4 sek\u00e4 havainnoistamme t\u00f6iden aikana<\/li>\n<li>Raporttiimme kuuluu suositukset seuraavaa vuosihuoltoa silm\u00e4ll\u00e4 pit\u00e4en (mm. ty\u00f6tapojen kehitt\u00e4minen, puhdistuslaajuus, turvallisuushavainnot)<\/li>\n<li>Raportti toimitetaan asiakkaalle kahden viikon kuluessa t\u00f6iden suorittamisesta<\/li>\n<\/ul>\n<p>[\/et_pb_text][\/et_pb_column][\/et_pb_row][\/et_pb_section][et_pb_section fb_built=&#8221;1&#8243; _builder_version=&#8221;4.16&#8243; global_colors_info=&#8221;{}&#8221;][et_pb_row _builder_version=&#8221;4.16&#8243; global_colors_info=&#8221;{}&#8221;][et_pb_column type=&#8221;4_4&#8243; _builder_version=&#8221;4.16&#8243; custom_padding=&#8221;|||&#8221; global_colors_info=&#8221;{}&#8221; custom_padding__hover=&#8221;|||&#8221;][et_pb_video src=&#8221;https:\/\/www.youtube.com\/watch?v=WvhT1x4rPgE&#8221; _builder_version=&#8221;4.16&#8243; global_colors_info=&#8221;{}&#8221;]<br \/>\n[\/et_pb_video][\/et_pb_column][\/et_pb_row][\/et_pb_section][et_pb_section fb_built=&#8221;1&#8243; module_class=&#8221;lomake_2022 max_width_1800&#8243; _builder_version=&#8221;3.22.7&#8243; inner_width_tablet=&#8221;50px&#8221; inner_max_width_tablet=&#8221;50px&#8221; z_index_tablet=&#8221;500&#8243; global_module=&#8221;7270&#8243; global_colors_info=&#8221;{}&#8221;][et_pb_row _builder_version=&#8221;4.16&#8243; background_size=&#8221;initial&#8221; background_position=&#8221;top_left&#8221; background_repeat=&#8221;repeat&#8221; global_colors_info=&#8221;{}&#8221; column_structure=&#8221;1_3,2_3&#8243;][et_pb_column type=&#8221;1_3&#8243; _builder_version=&#8221;4.16&#8243; custom_padding=&#8221;|||&#8221; global_colors_info=&#8221;{}&#8221; custom_padding__hover=&#8221;|||&#8221;][et_pb_text _builder_version=&#8221;4.16&#8243; z_index_tablet=&#8221;500&#8243; custom_css_main_element=&#8221;padding-right:3rem;||padding-bottom:2rem;&#8221; global_colors_info=&#8221;{}&#8221;]<\/p>\n<h3>Valitse meid\u00e4t.<\/h3>\n<p>Autamme asiakkaitamme n\u00e4kem\u00e4\u00e4n puhtaiden l\u00e4mm\u00f6nsiirtopintojen todennetut hy\u00f6dyt merkitt\u00e4v\u00e4n\u00e4 osana kannattavaa liiketoimintaa.<\/p>\n<p>[\/et_pb_text][\/et_pb_column][et_pb_column type=&#8221;2_3&#8243; _builder_version=&#8221;4.16&#8243; custom_padding=&#8221;|||&#8221; global_colors_info=&#8221;{}&#8221; custom_padding__hover=&#8221;|||&#8221;][et_pb_contact_form email=&#8221;info@cleansteel.fi&#8221; custom_message=&#8221;Nimi: %%name%%||et_pb_line_break_holder||||et_pb_line_break_holder||S\u00e4hk\u00f6posti: %%email%%||et_pb_line_break_holder||||et_pb_line_break_holder||Viesti:||et_pb_line_break_holder||||et_pb_line_break_holder||%%message%%&#8221; success_message=&#8221;Kiitos yhteydenotosta.&#8221; submit_button_text=&#8221;L\u00e4het\u00e4 viesti&#8221; _builder_version=&#8221;4.16&#8243; _unique_id=&#8221;ed2e45a9-3eb9-41b2-a2b5-fa7d9df844f9&#8243; z_index_tablet=&#8221;500&#8243; global_colors_info=&#8221;{}&#8221;][et_pb_contact_field field_id=&#8221;Nimi&#8221; field_title=&#8221;Nimi&#8221; _builder_version=&#8221;3.22.7&#8243; global_colors_info=&#8221;{}&#8221;][\/et_pb_contact_field][et_pb_contact_field field_id=&#8221;S\u00e4hk\u00f6postiosoite&#8221; field_title=&#8221;S\u00e4hk\u00f6postiosoite&#8221; field_type=&#8221;email&#8221; _builder_version=&#8221;3.22.7&#8243; global_colors_info=&#8221;{}&#8221;][\/et_pb_contact_field][et_pb_contact_field field_id=&#8221;Viesti&#8221; field_title=&#8221;Viesti&#8221; field_type=&#8221;text&#8221; fullwidth_field=&#8221;on&#8221; _builder_version=&#8221;3.22.7&#8243; global_colors_info=&#8221;{}&#8221;][\/et_pb_contact_field][\/et_pb_contact_form][\/et_pb_column][\/et_pb_row][\/et_pb_section][et_pb_section fb_built=&#8221;1&#8243; module_class=&#8221;footer_2022 max_width_1800&#8243; _builder_version=&#8221;3.22.7&#8243; background_image=&#8221;https:\/\/cleansteel.com\/wp-content\/uploads\/2022\/02\/footer-bg.png&#8221; inner_width_tablet=&#8221;50px&#8221; inner_max_width_tablet=&#8221;50px&#8221; z_index_tablet=&#8221;500&#8243; global_module=&#8221;6572&#8243; global_colors_info=&#8221;{}&#8221;][et_pb_row _builder_version=&#8221;4.16&#8243; background_size=&#8221;initial&#8221; background_position=&#8221;top_left&#8221; background_repeat=&#8221;repeat&#8221; max_width=&#8221;1080px&#8221; global_colors_info=&#8221;{}&#8221;][et_pb_column type=&#8221;4_4&#8243; _builder_version=&#8221;4.16&#8243; custom_padding=&#8221;|||&#8221; global_colors_info=&#8221;{}&#8221; custom_padding__hover=&#8221;|||&#8221;][et_pb_text module_class=&#8221;footer_otsikko&#8221; _builder_version=&#8221;4.16&#8243; z_index_tablet=&#8221;500&#8243; global_colors_info=&#8221;{}&#8221;]<\/p>\n<h3>Boiler lovers unite!<\/h3>\n<p>\u00a0<\/p>\n<p>\u00a0<\/p>\n<p>[\/et_pb_text][\/et_pb_column][\/et_pb_row][et_pb_row column_structure=&#8221;1_5,1_5,1_5,1_5,1_5&#8243; _builder_version=&#8221;4.16&#8243; background_size=&#8221;initial&#8221; background_position=&#8221;top_left&#8221; background_repeat=&#8221;repeat&#8221; max_width=&#8221;1080px&#8221; global_colors_info=&#8221;{}&#8221;][et_pb_column type=&#8221;1_5&#8243; _builder_version=&#8221;4.16&#8243; custom_padding=&#8221;|||&#8221; global_colors_info=&#8221;{}&#8221; custom_padding__hover=&#8221;|||&#8221;][et_pb_text _builder_version=&#8221;4.16&#8243; z_index_tablet=&#8221;500&#8243; custom_css_main_element=&#8221;padding-right:1rem;||padding-left:0rem!important;&#8221; global_colors_info=&#8221;{}&#8221;]<\/p>\n<p><strong>Clean Steel Oy<\/strong><\/p>\n<p>Hevoshaankatu 9b<br \/>28100 Pori FINLAND<\/p>\n<p>info@cleansteel.fi<br \/>+358 10 \u00a0526 2053<\/p>\n<p>\u00a0<\/p>\n<p>[\/et_pb_text][\/et_pb_column][et_pb_column type=&#8221;1_5&#8243; _builder_version=&#8221;4.16&#8243; custom_padding=&#8221;|||&#8221; global_colors_info=&#8221;{}&#8221; custom_padding__hover=&#8221;|||&#8221;][et_pb_text module_class=&#8221;footer_nav&#8221; _builder_version=&#8221;4.17.1&#8243; z_index_tablet=&#8221;500&#8243; global_colors_info=&#8221;{}&#8221;]<\/p>\n<div class=\"footer_inner\"><a href=\"#\">Etusivu<\/a><br \/><a href=\"https:\/\/cleansteel.com\/meista\/\">Meist\u00e4<\/a><br \/><a href=\"https:\/\/cleansteel.com\/stop-n-go-2\/\">Stop n`Go<\/a><br \/><a href=\"https:\/\/cleansteel.com\/smart-blasting-2\/\">Smart Blasting<\/a><br \/><a href=\"https:\/\/cleansteel.com\/lisapalvelut\/\">Lis\u00e4palvelut<\/a><br \/><a href=\"https:\/\/cleansteel.com\/referenssit-2\/\">Referenssit<\/a><br \/><a href=\"https:\/\/cleansteel.com\/vastuullisuus\/\">Vastuullisuus<\/a><br \/><a href=\"https:\/\/cleansteel.com\/ota-yhteytta\/\">Ota yhteytt\u00e4<\/a><\/div>\n<p>&nbsp;<\/p>\n<p>&nbsp;<\/p>\n<p>&nbsp;<\/p>\n<p>&nbsp;<\/p>\n<p>[\/et_pb_text][\/et_pb_column][et_pb_column type=&#8221;1_5&#8243; _builder_version=&#8221;4.16&#8243; custom_padding=&#8221;|||&#8221; global_colors_info=&#8221;{}&#8221; custom_padding__hover=&#8221;|||&#8221;][\/et_pb_column][et_pb_column type=&#8221;1_5&#8243; _builder_version=&#8221;4.16&#8243; custom_padding=&#8221;|||&#8221; global_colors_info=&#8221;{}&#8221; custom_padding__hover=&#8221;|||&#8221;][\/et_pb_column][et_pb_column type=&#8221;1_5&#8243; _builder_version=&#8221;4.16&#8243; custom_padding=&#8221;|||&#8221; global_colors_info=&#8221;{}&#8221; custom_padding__hover=&#8221;|||&#8221;][et_pb_image src=&#8221;https:\/\/cleansteel.com\/wp-content\/uploads\/2022\/02\/footer-logo.png&#8221; align=&#8221;right&#8221; align_tablet=&#8221;center&#8221; align_phone=&#8221;&#8221; align_last_edited=&#8221;on|desktop&#8221; module_class=&#8221;footer_logo&#8221; _builder_version=&#8221;4.16&#8243; z_index_tablet=&#8221;500&#8243; custom_css_main_element=&#8221;padding-top:3rem;&#8221; global_colors_info=&#8221;{}&#8221;][\/et_pb_image][et_pb_text _builder_version=&#8221;4.16&#8243; z_index_tablet=&#8221;500&#8243; global_colors_info=&#8221;{}&#8221;]<\/p>\n<p style=\"text-align: right;\">\u00a9 Copyright 2021 Clean Steel Oy<br \/>Website by Staart<\/p>\n<p>[\/et_pb_text][\/et_pb_column][\/et_pb_row][\/et_pb_section]<\/p>\n","protected":false},"excerpt":{"rendered":"<p>Teht\u00e4v\u00e4mme on hoitaa kattilan l\u00e4mm\u00f6nsiirtopintojen puhdistukset ja siihen liittyv\u00e4t vuosihuollon ty\u00f6t tehokkaasti aikaa, vaivaa ja rahaa s\u00e4\u00e4st\u00e4en Tehokas kokonaispalvelu laitosten vuosihuoltoihin Vaihe 1 Suunnittelu ja valmistelu &nbsp; Laadimme projekteistamme aina yksityiskohtaisen ja aikataulutetun kokonaissuunnitelman Suunnitelma sis\u00e4lt\u00e4\u00e4 asiakkaan tarvitsemat palvelut ja niiden toteutustavan ja\u2013 j\u00e4rjestyksen, sek\u00e4 ty\u00f6ss\u00e4 tarvittavat resurssit Stop n\u2019 Go-suunnitelma sovitetaan aina asiakkaan vuosihuollon [&hellip;]<\/p>\n","protected":false},"author":3,"featured_media":0,"parent":0,"menu_order":0,"comment_status":"closed","ping_status":"closed","template":"","meta":{"_acf_changed":false,"_et_pb_use_builder":"on","_et_pb_old_content":"","_et_gb_content_width":"","_improvement_type_select":"improve_an_existing","_thumb_yes_seoaic":false,"_frame_yes_seoaic":false,"seoaic_generate_description":"","seoaic_improve_instructions_prompt":"","seoaic_rollback_content_improvement":"","seoaic_idea_thumbnail_generator":"","thumbnail_generated":false,"thumbnail_generate_prompt":"","seoaic_article_description":"","_exactmetrics_skip_tracking":false,"_exactmetrics_sitenote_active":false,"_exactmetrics_sitenote_note":"","_exactmetrics_sitenote_category":0,"footnotes":""},"class_list":["post-7178","page","type-page","status-publish","hentry"],"acf":[],"yoast_head":"<!-- This site is optimized with the Yoast SEO plugin v27.4 - https:\/\/yoast.com\/product\/yoast-seo-wordpress\/ -->\n<title>Stop n Go - Clean Steel<\/title>\n<meta name=\"robots\" content=\"index, follow, max-snippet:-1, max-image-preview:large, max-video-preview:-1\" \/>\n<link rel=\"canonical\" href=\"https:\/\/cleansteel.com\/fi\/stop-n-go\/\" \/>\n<meta property=\"og:locale\" content=\"fi_FI\" \/>\n<meta property=\"og:type\" content=\"article\" \/>\n<meta property=\"og:title\" content=\"Stop n Go - Clean Steel\" \/>\n<meta property=\"og:description\" content=\"Teht\u00e4v\u00e4mme on hoitaa kattilan l\u00e4mm\u00f6nsiirtopintojen puhdistukset ja siihen liittyv\u00e4t vuosihuollon ty\u00f6t tehokkaasti aikaa, vaivaa ja rahaa s\u00e4\u00e4st\u00e4en Tehokas kokonaispalvelu laitosten vuosihuoltoihin Vaihe 1 Suunnittelu ja valmistelu &nbsp; Laadimme projekteistamme aina yksityiskohtaisen ja aikataulutetun kokonaissuunnitelman Suunnitelma sis\u00e4lt\u00e4\u00e4 asiakkaan tarvitsemat palvelut ja niiden toteutustavan ja\u2013 j\u00e4rjestyksen, sek\u00e4 ty\u00f6ss\u00e4 tarvittavat resurssit Stop n\u2019 Go-suunnitelma sovitetaan aina asiakkaan vuosihuollon [&hellip;]\" \/>\n<meta property=\"og:url\" content=\"https:\/\/cleansteel.com\/fi\/stop-n-go\/\" \/>\n<meta property=\"og:site_name\" content=\"Clean Steel\" \/>\n<meta property=\"article:modified_time\" content=\"2022-09-29T10:14:49+00:00\" \/>\n<meta property=\"og:image\" content=\"https:\/\/cleansteel.com\/wp-content\/uploads\/2022\/02\/viiva.png\" \/>\n<meta name=\"twitter:card\" content=\"summary_large_image\" \/>\n<meta name=\"twitter:label1\" content=\"Arvioitu lukuaika\" \/>\n\t<meta name=\"twitter:data1\" content=\"7 minuuttia\" \/>\n<script type=\"application\/ld+json\" class=\"yoast-schema-graph\">{\"@context\":\"https:\\\/\\\/schema.org\",\"@graph\":[{\"@type\":\"WebPage\",\"@id\":\"https:\\\/\\\/cleansteel.com\\\/fi\\\/stop-n-go\\\/\",\"url\":\"https:\\\/\\\/cleansteel.com\\\/fi\\\/stop-n-go\\\/\",\"name\":\"Stop n Go - Clean Steel\",\"isPartOf\":{\"@id\":\"https:\\\/\\\/cleansteel.com\\\/fi\\\/#website\"},\"primaryImageOfPage\":{\"@id\":\"https:\\\/\\\/cleansteel.com\\\/fi\\\/stop-n-go\\\/#primaryimage\"},\"image\":{\"@id\":\"https:\\\/\\\/cleansteel.com\\\/fi\\\/stop-n-go\\\/#primaryimage\"},\"thumbnailUrl\":\"https:\\\/\\\/cleansteel.com\\\/wp-content\\\/uploads\\\/2022\\\/02\\\/viiva.png\",\"datePublished\":\"2022-04-06T09:27:55+00:00\",\"dateModified\":\"2022-09-29T10:14:49+00:00\",\"breadcrumb\":{\"@id\":\"https:\\\/\\\/cleansteel.com\\\/fi\\\/stop-n-go\\\/#breadcrumb\"},\"inLanguage\":\"fi\",\"potentialAction\":[{\"@type\":\"ReadAction\",\"target\":[\"https:\\\/\\\/cleansteel.com\\\/fi\\\/stop-n-go\\\/\"]}]},{\"@type\":\"ImageObject\",\"inLanguage\":\"fi\",\"@id\":\"https:\\\/\\\/cleansteel.com\\\/fi\\\/stop-n-go\\\/#primaryimage\",\"url\":\"https:\\\/\\\/cleansteel.com\\\/wp-content\\\/uploads\\\/2022\\\/02\\\/viiva.png\",\"contentUrl\":\"https:\\\/\\\/cleansteel.com\\\/wp-content\\\/uploads\\\/2022\\\/02\\\/viiva.png\"},{\"@type\":\"BreadcrumbList\",\"@id\":\"https:\\\/\\\/cleansteel.com\\\/fi\\\/stop-n-go\\\/#breadcrumb\",\"itemListElement\":[{\"@type\":\"ListItem\",\"position\":1,\"name\":\"Home\",\"item\":\"https:\\\/\\\/cleansteel.com\\\/fi\\\/\"},{\"@type\":\"ListItem\",\"position\":2,\"name\":\"Stop n Go\"}]},{\"@type\":\"WebSite\",\"@id\":\"https:\\\/\\\/cleansteel.com\\\/fi\\\/#website\",\"url\":\"https:\\\/\\\/cleansteel.com\\\/fi\\\/\",\"name\":\"Clean Steel\",\"description\":\"\",\"potentialAction\":[{\"@type\":\"SearchAction\",\"target\":{\"@type\":\"EntryPoint\",\"urlTemplate\":\"https:\\\/\\\/cleansteel.com\\\/fi\\\/?s={search_term_string}\"},\"query-input\":{\"@type\":\"PropertyValueSpecification\",\"valueRequired\":true,\"valueName\":\"search_term_string\"}}],\"inLanguage\":\"fi\"}]}<\/script>\n<!-- \/ Yoast SEO plugin. -->","yoast_head_json":{"title":"Stop n Go - Clean Steel","robots":{"index":"index","follow":"follow","max-snippet":"max-snippet:-1","max-image-preview":"max-image-preview:large","max-video-preview":"max-video-preview:-1"},"canonical":"https:\/\/cleansteel.com\/fi\/stop-n-go\/","og_locale":"fi_FI","og_type":"article","og_title":"Stop n Go - Clean Steel","og_description":"Teht\u00e4v\u00e4mme on hoitaa kattilan l\u00e4mm\u00f6nsiirtopintojen puhdistukset ja siihen liittyv\u00e4t vuosihuollon ty\u00f6t tehokkaasti aikaa, vaivaa ja rahaa s\u00e4\u00e4st\u00e4en Tehokas kokonaispalvelu laitosten vuosihuoltoihin Vaihe 1 Suunnittelu ja valmistelu &nbsp; Laadimme projekteistamme aina yksityiskohtaisen ja aikataulutetun kokonaissuunnitelman Suunnitelma sis\u00e4lt\u00e4\u00e4 asiakkaan tarvitsemat palvelut ja niiden toteutustavan ja\u2013 j\u00e4rjestyksen, sek\u00e4 ty\u00f6ss\u00e4 tarvittavat resurssit Stop n\u2019 Go-suunnitelma sovitetaan aina asiakkaan vuosihuollon [&hellip;]","og_url":"https:\/\/cleansteel.com\/fi\/stop-n-go\/","og_site_name":"Clean Steel","article_modified_time":"2022-09-29T10:14:49+00:00","og_image":[{"url":"https:\/\/cleansteel.com\/wp-content\/uploads\/2022\/02\/viiva.png","type":"","width":"","height":""}],"twitter_card":"summary_large_image","twitter_misc":{"Arvioitu lukuaika":"7 minuuttia"},"schema":{"@context":"https:\/\/schema.org","@graph":[{"@type":"WebPage","@id":"https:\/\/cleansteel.com\/fi\/stop-n-go\/","url":"https:\/\/cleansteel.com\/fi\/stop-n-go\/","name":"Stop n Go - Clean Steel","isPartOf":{"@id":"https:\/\/cleansteel.com\/fi\/#website"},"primaryImageOfPage":{"@id":"https:\/\/cleansteel.com\/fi\/stop-n-go\/#primaryimage"},"image":{"@id":"https:\/\/cleansteel.com\/fi\/stop-n-go\/#primaryimage"},"thumbnailUrl":"https:\/\/cleansteel.com\/wp-content\/uploads\/2022\/02\/viiva.png","datePublished":"2022-04-06T09:27:55+00:00","dateModified":"2022-09-29T10:14:49+00:00","breadcrumb":{"@id":"https:\/\/cleansteel.com\/fi\/stop-n-go\/#breadcrumb"},"inLanguage":"fi","potentialAction":[{"@type":"ReadAction","target":["https:\/\/cleansteel.com\/fi\/stop-n-go\/"]}]},{"@type":"ImageObject","inLanguage":"fi","@id":"https:\/\/cleansteel.com\/fi\/stop-n-go\/#primaryimage","url":"https:\/\/cleansteel.com\/wp-content\/uploads\/2022\/02\/viiva.png","contentUrl":"https:\/\/cleansteel.com\/wp-content\/uploads\/2022\/02\/viiva.png"},{"@type":"BreadcrumbList","@id":"https:\/\/cleansteel.com\/fi\/stop-n-go\/#breadcrumb","itemListElement":[{"@type":"ListItem","position":1,"name":"Home","item":"https:\/\/cleansteel.com\/fi\/"},{"@type":"ListItem","position":2,"name":"Stop n Go"}]},{"@type":"WebSite","@id":"https:\/\/cleansteel.com\/fi\/#website","url":"https:\/\/cleansteel.com\/fi\/","name":"Clean Steel","description":"","potentialAction":[{"@type":"SearchAction","target":{"@type":"EntryPoint","urlTemplate":"https:\/\/cleansteel.com\/fi\/?s={search_term_string}"},"query-input":{"@type":"PropertyValueSpecification","valueRequired":true,"valueName":"search_term_string"}}],"inLanguage":"fi"}]}},"_links":{"self":[{"href":"https:\/\/cleansteel.com\/fi\/wp-json\/wp\/v2\/pages\/7178","targetHints":{"allow":["GET"]}}],"collection":[{"href":"https:\/\/cleansteel.com\/fi\/wp-json\/wp\/v2\/pages"}],"about":[{"href":"https:\/\/cleansteel.com\/fi\/wp-json\/wp\/v2\/types\/page"}],"author":[{"embeddable":true,"href":"https:\/\/cleansteel.com\/fi\/wp-json\/wp\/v2\/users\/3"}],"replies":[{"embeddable":true,"href":"https:\/\/cleansteel.com\/fi\/wp-json\/wp\/v2\/comments?post=7178"}],"version-history":[{"count":15,"href":"https:\/\/cleansteel.com\/fi\/wp-json\/wp\/v2\/pages\/7178\/revisions"}],"predecessor-version":[{"id":7957,"href":"https:\/\/cleansteel.com\/fi\/wp-json\/wp\/v2\/pages\/7178\/revisions\/7957"}],"wp:attachment":[{"href":"https:\/\/cleansteel.com\/fi\/wp-json\/wp\/v2\/media?parent=7178"}],"curies":[{"name":"wp","href":"https:\/\/api.w.org\/{rel}","templated":true}]}}